{"id":2118,"date":"2026-05-10T22:30:06","date_gmt":"2026-05-10T22:30:06","guid":{"rendered":"http:\/\/tag.mke.dk\/?page_id=2118"},"modified":"2026-05-10T22:33:12","modified_gmt":"2026-05-10T22:33:12","slug":"omrader-vi-daekker","status":"publish","type":"page","link":"https:\/\/tag.mke.dk\/?page_id=2118","title":{"rendered":"Omr\u00e5der vi d\u00e6kker"},"content":{"rendered":"<h1>Tagpap-arbejde i hele Nordsj\u00e6lland<\/h1>\n<div>\n<p class=\"font-claude-response-body break-words whitespace-normal leading-[1.7]\">Vi har base i Slangerup og k\u00f8rer dagligt til:<\/p>\n<p class=\"font-claude-response-body break-words whitespace-normal leading-[1.7]\">Slangerup \u00b7 Frederikssund \u00b7 J\u00e6gerspris \u00b7 Skibby \u00b7 Hiller\u00f8d \u00b7 Stenl\u00f8se \u00b7 \u00d8lstykke \u00b7 Farum \u00b7 V\u00e6rl\u00f8se \u00b7 Aller\u00f8d \u00b7 Helsinge \u00b7 Helsing\u00f8r<\/p>\n<p class=\"font-claude-response-body break-words whitespace-normal leading-[1.7]\">Bor du l\u00e6ngere v\u00e6k? Ring alligevel \u2014 vi tager gerne st\u00f8rre opgaver lidt uden for kerneomr\u00e5det.<\/p>\n<\/div>\n<p><!--more--><br \/>\n<!-- {\"type\":\"layout\",\"children\":[{\"type\":\"section\",\"props\":{\"image_position\":\"center-center\",\"style\":\"default\",\"title_breakpoint\":\"xl\",\"title_position\":\"top-left\",\"title_rotation\":\"left\",\"vertical_align\":\"middle\",\"width\":\"default\"},\"children\":[{\"type\":\"row\",\"props\":{\"layout\":\"1-2,1-2\"},\"children\":[{\"type\":\"column\",\"props\":{\"image_position\":\"center-center\",\"position_sticky_breakpoint\":\"m\",\"width_medium\":\"1-2\"},\"children\":[{\"type\":\"headline\",\"props\":{\"content\":\"Tagpap-arbejde i hele Nordsj\u00e6lland\",\"image_align\":\"left\",\"image_margin\":\"xsmall\",\"title_element\":\"h1\"}},{\"type\":\"text\",\"props\":{\"column_breakpoint\":\"m\",\"content\":\"\n\n<p class=\\\"font-claude-response-body break-words whitespace-normal leading-[1.7]\\\">Vi har base i Slangerup og k\u00f8rer dagligt til:<\/p>\n\n\\n\n\n<p class=\\\"font-claude-response-body break-words whitespace-normal leading-[1.7]\\\">Slangerup \u00b7 Frederikssund \u00b7 J\u00e6gerspris \u00b7 Skibby \u00b7 Hiller\u00f8d \u00b7 Stenl\u00f8se \u00b7 \u00d8lstykke \u00b7 Farum \u00b7 V\u00e6rl\u00f8se \u00b7 Aller\u00f8d \u00b7 Helsinge \u00b7 Helsing\u00f8r<\/p>\n\n\\n\n\n<p class=\\\"font-claude-response-body break-words whitespace-normal leading-[1.7]\\\">Bor du l\u00e6ngere v\u00e6k? Ring alligevel \u2014 vi tager gerne st\u00f8rre opgaver lidt uden for kerneomr\u00e5det.<\/p>\n\n\",\"margin_bottom\":\"default\",\"margin_top\":\"default\"}}]},{\"type\":\"column\",\"props\":{\"image_position\":\"center-center\",\"position_sticky_breakpoint\":\"m\",\"width_medium\":\"1-2\"}}]}]}],\"version\":\"5.0.32\"} --><\/p>\n","protected":false},"excerpt":{"rendered":"<p>Tagpap-arbejde i hele Nordsj\u00e6lland Vi har base i Slangerup og k\u00f8rer dagligt til: Slangerup \u00b7 Frederikssund \u00b7 J\u00e6gerspris \u00b7 Skibby \u00b7 Hiller\u00f8d \u00b7 Stenl\u00f8se \u00b7 \u00d8lstykke \u00b7 Farum \u00b7 V\u00e6rl\u00f8se \u00b7 Aller\u00f8d \u00b7 Helsinge \u00b7 Helsing\u00f8r Bor du l\u00e6ngere v\u00e6k? Ring alligevel \u2014 vi tager gerne st\u00f8rre opgaver lidt uden for kerneomr\u00e5det.<\/p>\n","protected":false},"author":1,"featured_media":0,"parent":0,"menu_order":0,"comment_status":"closed","ping_status":"closed","template":"","meta":{"_acf_changed":false,"footnotes":""},"class_list":["post-2118","page","type-page","status-publish","hentry"],"acf":[],"_links":{"self":[{"href":"https:\/\/tag.mke.dk\/index.php?rest_route=\/wp\/v2\/pages\/2118","targetHints":{"allow":["GET"]}}],"collection":[{"href":"https:\/\/tag.mke.dk\/index.php?rest_route=\/wp\/v2\/pages"}],"about":[{"href":"https:\/\/tag.mke.dk\/index.php?rest_route=\/wp\/v2\/types\/page"}],"author":[{"embeddable":true,"href":"https:\/\/tag.mke.dk\/index.php?rest_route=\/wp\/v2\/users\/1"}],"replies":[{"embeddable":true,"href":"https:\/\/tag.mke.dk\/index.php?rest_route=%2Fwp%2Fv2%2Fcomments&post=2118"}],"version-history":[{"count":3,"href":"https:\/\/tag.mke.dk\/index.php?rest_route=\/wp\/v2\/pages\/2118\/revisions"}],"predecessor-version":[{"id":2128,"href":"https:\/\/tag.mke.dk\/index.php?rest_route=\/wp\/v2\/pages\/2118\/revisions\/2128"}],"wp:attachment":[{"href":"https:\/\/tag.mke.dk\/index.php?rest_route=%2Fwp%2Fv2%2Fmedia&parent=2118"}],"curies":[{"name":"wp","href":"https:\/\/api.w.org\/{rel}","templated":true}]}}