{"id":4,"date":"2019-06-20T16:29:17","date_gmt":"2019-06-20T16:29:17","guid":{"rendered":"http:\/\/tag.mke.dk\/?page_id=4"},"modified":"2026-05-10T22:29:05","modified_gmt":"2026-05-10T22:29:05","slug":"home","status":"publish","type":"page","link":"https:\/\/tag.mke.dk\/","title":{"rendered":"Home"},"content":{"rendered":"<div>\n<p>    <img decoding=\"async\" src=\"\/wp-content\/uploads\/2026\/05\/AdobeStock_1249359830-scaled.jpeg\" alt=\"\"><\/p>\n<\/div>\n<h1>\n<p>Tagpap der holder. Lavet af en lokal h\u00e5ndv\u00e6rker du kan stole p\u00e5.<\/p>\n<\/h1>\n<h1>\n<p>Apitz ApS l\u00e6gger nyt tagpap, renoverer slidte tage og laver indd\u00e6kninger i Slangerup, Frederikssund og hele Nordsj\u00e6lland. Ring for et uforpligtende tilbud \u2014 besigtigelsen er gratis.<\/p>\n<\/h1>\n<div>\n<ul>\n<li class=\"whitespace-normal break-words pl-2\">Lokal forankret i Slangerup \u2014 Vi bor og arbejder i omr\u00e5det, s\u00e5 vi er sj\u00e6ldent langt v\u00e6k n\u00e5r du har brug for os.<\/li>\n<li class=\"whitespace-normal break-words pl-2\">\u00c6rlig r\u00e5dgivning \u2014 Nogle gange er en reparation nok. Vi s\u00e6lger dig ikke et nyt tag, hvis du ikke har brug for det.<\/li>\n<li class=\"whitespace-normal break-words pl-2\">Skriftligt tilbud, ingen skjulte gebyrer \u2014 Du f\u00e5r et klart tilbud efter besigtigelsen. Skulle vi opdage skjulte skader undervejs (fx r\u00e5ddent underlag), kontakter vi dig altid f\u00f8r vi udf\u00f8rer ekstraarbejde.<\/li>\n<\/ul>\n<\/div>\n<ul>\n<li>\n<p>        <img decoding=\"async\" src=\"\/wp-content\/uploads\/2026\/05\/7ae426dc-8bcc-4d1d-88af-6798cccfae97.jpeg\" alt=\"\"><\/p>\n<h3>Nyt tagpap<\/h3>\n<p><a href=\"#\">L\u00e6s mere<\/a><\/p>\n<\/li>\n<li>\n<p>        <img decoding=\"async\" src=\"\/wp-content\/uploads\/2026\/05\/7ae426dc-8bcc-4d1d-88af-6798cccfae97.jpeg\" alt=\"\"><\/p>\n<h3>Tagrenovering<\/h3>\n<p><a href=\"#\">L\u00e6s mere<\/a><\/p>\n<\/li>\n<li>\n<p>        <img decoding=\"async\" src=\"\/wp-content\/uploads\/2026\/05\/7ae426dc-8bcc-4d1d-88af-6798cccfae97.jpeg\" alt=\"\"><\/p>\n<h3>Indd\u00e6kninger &#038; sm\u00e5arbejde<\/h3>\n<p><a href=\"#\">L\u00e6s mere<\/a><\/p>\n<\/li>\n<\/ul>\n<hr>\n<h1>\n<p>Vi har lagt tag p\u00e5 huse, sommerhuse, carporte og mindre erhvervsbyggerier i hele Nordsj\u00e6lland.<\/p>\n<p>Se vores referencer.<\/p>\n<\/h1>\n<ul>\n<li>\n<p>        <img decoding=\"async\" src=\"\/wp-content\/uploads\/2026\/05\/964441d6-6df2-4f7d-952a-a931339d97b0.jpeg\" alt=\"\"><\/p>\n<h3>964441d6-6df2-4f7d-952a-a931339d97b0<\/h3>\n<\/li>\n<li>\n<p>        <img decoding=\"async\" src=\"\/wp-content\/uploads\/2026\/05\/1c931ab6-f9a0-47a9-b3ec-ecb47322b904.jpeg\" alt=\"\"><\/p>\n<h3>1c931ab6-f9a0-47a9-b3ec-ecb47322b904<\/h3>\n<\/li>\n<li>\n<p>        <img decoding=\"async\" src=\"\/wp-content\/uploads\/2026\/05\/4bd0de99-d837-40a2-9f3c-924e278065d0-1.jpeg\" alt=\"\"><\/p>\n<h3>4bd0de99-d837-40a2-9f3c-924e278065d0 (1)<\/h3>\n<\/li>\n<li>\n<p>        <img decoding=\"async\" src=\"\/wp-content\/uploads\/2026\/05\/ae3b2227-8f99-4743-bb34-f373cf3266fc-1.jpeg\" alt=\"\"><\/p>\n<h3>ae3b2227-8f99-4743-bb34-f373cf3266fc (1)<\/h3>\n<\/li>\n<li>\n<p>        <img decoding=\"async\" src=\"\/wp-content\/uploads\/2026\/05\/ecf8b8cf-5ee3-4e6f-82f6-aadf9cf263bc-1.jpeg\" alt=\"\"><\/p>\n<h3>ecf8b8cf-5ee3-4e6f-82f6-aadf9cf263bc (1)<\/h3>\n<\/li>\n<li>\n<p>        <img decoding=\"async\" src=\"\/wp-content\/uploads\/2026\/05\/00c13ef2-3db6-4915-bf8b-03369a765146.jpeg\" alt=\"\"><\/p>\n<h3>00c13ef2-3db6-4915-bf8b-03369a765146<\/h3>\n<\/li>\n<li>\n<p>        <img decoding=\"async\" src=\"\/wp-content\/uploads\/2026\/05\/4bd0de99-d837-40a2-9f3c-924e278065d0.jpeg\" alt=\"\"><\/p>\n<h3>4bd0de99-d837-40a2-9f3c-924e278065d0<\/h3>\n<\/li>\n<li>\n<p>        <img decoding=\"async\" src=\"\/wp-content\/uploads\/2026\/05\/ae3b2227-8f99-4743-bb34-f373cf3266fc.jpeg\" alt=\"\"><\/p>\n<h3>ae3b2227-8f99-4743-bb34-f373cf3266fc<\/h3>\n<\/li>\n<li>\n<p>        <img decoding=\"async\" src=\"\/wp-content\/uploads\/2026\/05\/ecf8b8cf-5ee3-4e6f-82f6-aadf9cf263bc.jpeg\" alt=\"\"><\/p>\n<h3>ecf8b8cf-5ee3-4e6f-82f6-aadf9cf263bc<\/h3>\n<\/li>\n<li>\n<p>        <img decoding=\"async\" src=\"\/wp-content\/uploads\/2026\/05\/f01225dc-bc8c-48a3-988c-94d7c4fb0478.jpeg\" alt=\"\"><\/p>\n<h3>f01225dc-bc8c-48a3-988c-94d7c4fb0478<\/h3>\n<\/li>\n<\/ul>\n<p><!--more--><br \/>\n<!-- {\"type\":\"layout\",\"children\":[{\"type\":\"section\",\"props\":{\"header_transparent\":true,\"image_position\":\"center-center\",\"padding_top\":\"none\",\"style\":\"default\",\"title_breakpoint\":\"xl\",\"title_position\":\"top-left\",\"title_rotation\":\"left\",\"vertical_align\":\"middle\",\"width\":\"\"},\"children\":[{\"type\":\"row\",\"children\":[{\"type\":\"column\",\"props\":{\"image_position\":\"center-center\",\"position_sticky_breakpoint\":\"m\"},\"children\":[{\"type\":\"slideshow\",\"props\":{\"link_style\":\"default\",\"link_text\":\"Read more\",\"margin_bottom\":\"default\",\"margin_top\":\"default\",\"meta_align\":\"below-title\",\"meta_element\":\"div\",\"meta_style\":\"text-meta\",\"nav\":\"dotnav\",\"nav_align\":\"center\",\"nav_breakpoint\":\"s\",\"nav_position\":\"bottom-center\",\"nav_position_margin\":\"medium\",\"overlay_animation\":\"parallax\",\"overlay_position\":\"center-left\",\"show_content\":true,\"show_link\":true,\"show_meta\":true,\"show_thumbnail\":true,\"show_title\":true,\"slidenav\":\"default\",\"slidenav_breakpoint\":\"s\",\"slidenav_margin\":\"medium\",\"slidenav_outside_breakpoint\":\"xl\",\"slideshow_autoplay_pause\":true,\"slideshow_min_height\":300,\"thumbnav_height\":\"75\",\"thumbnav_svg_color\":\"emphasis\",\"thumbnav_width\":\"100\",\"title_element\":\"h3\",\"title_hover_style\":\"reset\"},\"children\":[{\"type\":\"slideshow_item\",\"props\":{\"image\":\"wp-content\/uploads\/2026\/05\/AdobeStock_1249359830-scaled.jpeg\",\"title\":\"\"}}]}]}]}]},{\"type\":\"section\",\"props\":{\"image_position\":\"center-center\",\"style\":\"default\",\"title_breakpoint\":\"xl\",\"title_position\":\"top-left\",\"title_rotation\":\"left\",\"vertical_align\":\"middle\",\"width\":\"default\"},\"children\":[{\"type\":\"row\",\"props\":{\"layout\":\"1-2,1-2\"},\"children\":[{\"type\":\"column\",\"props\":{\"image_position\":\"center-center\",\"position_sticky_breakpoint\":\"m\",\"width_medium\":\"1-2\"},\"children\":[{\"type\":\"headline\",\"props\":{\"content\":\"\n\n<p>Tagpap der holder. Lavet af en lokal h\u00e5ndv\u00e6rker du kan stole p\u00e5.<\/p>\n\n\",\"image_align\":\"left\",\"image_margin\":\"xsmall\",\"title_element\":\"h1\"}},{\"type\":\"headline\",\"props\":{\"content\":\"\n\n<p>Apitz ApS l\u00e6gger nyt tagpap, renoverer slidte tage og laver indd\u00e6kninger i Slangerup, Frederikssund og hele Nordsj\u00e6lland. Ring for et uforpligtende tilbud \u2014 besigtigelsen er gratis.<\/p>\n\n\",\"image_align\":\"left\",\"image_margin\":\"xsmall\",\"title_element\":\"h1\",\"title_style\":\"h3\"}},{\"type\":\"text\",\"props\":{\"column_breakpoint\":\"m\",\"content\":\"\n\n<ul>\\n\n\n<li class=\\\"whitespace-normal break-words pl-2\\\">Lokal forankret i Slangerup \u2014 Vi bor og arbejder i omr\u00e5det, s\u00e5 vi er sj\u00e6ldent langt v\u00e6k n\u00e5r du har brug for os.<\/li>\n\n\\n\n\n<li class=\\\"whitespace-normal break-words pl-2\\\">\u00c6rlig r\u00e5dgivning \u2014 Nogle gange er en reparation nok. Vi s\u00e6lger dig ikke et nyt tag, hvis du ikke har brug for det.<\/li>\n\n\\n\n\n<li class=\\\"whitespace-normal break-words pl-2\\\">Skriftligt tilbud, ingen skjulte gebyrer \u2014 Du f\u00e5r et klart tilbud efter besigtigelsen. Skulle vi opdage skjulte skader undervejs (fx r\u00e5ddent underlag), kontakter vi dig altid f\u00f8r vi udf\u00f8rer ekstraarbejde.<\/li>\n\n\\n<\/ul>\n\n\",\"margin_bottom\":\"default\",\"margin_top\":\"default\"}}]},{\"type\":\"column\",\"props\":{\"image_position\":\"center-center\",\"position_sticky_breakpoint\":\"m\",\"width_medium\":\"1-2\"},\"children\":[{\"type\":\"panel-slider\",\"props\":{\"content_column_breakpoint\":\"m\",\"image_align\":\"top\",\"image_grid_breakpoint\":\"m\",\"image_grid_width\":\"1-2\",\"image_svg_color\":\"emphasis\",\"link_style\":\"primary\",\"link_text\":\"Read more\",\"margin_bottom\":\"default\",\"margin_top\":\"default\",\"meta_align\":\"below-title\",\"meta_element\":\"div\",\"meta_style\":\"text-meta\",\"nav\":\"dotnav\",\"nav_align\":\"center\",\"nav_breakpoint\":\"s\",\"panel_match\":true,\"show_content\":true,\"show_hover_image\":true,\"show_hover_video\":true,\"show_image\":true,\"show_link\":true,\"show_meta\":true,\"show_title\":true,\"show_video\":true,\"slidenav\":\"outside\",\"slidenav_breakpoint\":\"xl\",\"slidenav_margin\":\"medium\",\"slidenav_outside_breakpoint\":\"xl\",\"slider_autoplay_pause\":true,\"slider_gap\":\"default\",\"slider_width\":\"fixed\",\"slider_width_default\":\"1-1\",\"slider_width_medium\":\"1-1\",\"title_align\":\"top\",\"title_element\":\"h3\",\"title_grid_breakpoint\":\"m\",\"title_grid_width\":\"1-2\",\"title_hover_style\":\"reset\"},\"children\":[{\"type\":\"panel-slider_item\",\"props\":{\"image\":\"wp-content\/uploads\/2026\/05\/7ae426dc-8bcc-4d1d-88af-6798cccfae97.jpeg\",\"link\":\"#\",\"link_text\":\"L\u00e6s mere\",\"title\":\"Nyt tagpap\"}},{\"type\":\"panel-slider_item\",\"props\":{\"image\":\"wp-content\/uploads\/2026\/05\/7ae426dc-8bcc-4d1d-88af-6798cccfae97.jpeg\",\"link\":\"#\",\"link_text\":\"L\u00e6s mere\",\"title\":\"Tagrenovering\"}},{\"type\":\"panel-slider_item\",\"props\":{\"image\":\"wp-content\/uploads\/2026\/05\/7ae426dc-8bcc-4d1d-88af-6798cccfae97.jpeg\",\"link\":\"#\",\"link_text\":\"L\u00e6s mere\",\"title\":\"Indd\u00e6kninger & sm\u00e5arbejde\"}}]}]}]},{\"type\":\"row\",\"children\":[{\"type\":\"column\",\"props\":{\"image_position\":\"center-center\",\"position_sticky_breakpoint\":\"m\"},\"children\":[{\"type\":\"divider\",\"props\":{\"divider_element\":\"hr\"}}]}]},{\"type\":\"row\",\"children\":[{\"type\":\"column\",\"props\":{\"image_position\":\"center-center\",\"position_sticky_breakpoint\":\"m\"},\"children\":[{\"type\":\"headline\",\"props\":{\"content\":\"\n\n<p>Vi har lagt tag p\u00e5 huse, sommerhuse, carporte og mindre erhvervsbyggerier i hele Nordsj\u00e6lland.<\/p>\n\n\\n\n\n<p>Se vores referencer.<\/p>\n\n\",\"image_align\":\"left\",\"image_margin\":\"xsmall\",\"title_element\":\"h1\",\"title_style\":\"h3\"}},{\"type\":\"overlay-slider\",\"props\":{\"link_style\":\"default\",\"link_text\":\"Read more\",\"margin_bottom\":\"default\",\"margin_top\":\"default\",\"meta_align\":\"below-title\",\"meta_element\":\"div\",\"meta_style\":\"text-meta\",\"nav\":\"dotnav\",\"nav_align\":\"center\",\"nav_below\":true,\"nav_breakpoint\":\"s\",\"nav_position\":\"bottom-center\",\"nav_position_margin\":\"medium\",\"overlay_mode\":\"cover\",\"overlay_position\":\"center\",\"overlay_transition\":\"fade\",\"show_content\":true,\"show_hover_image\":true,\"show_hover_video\":true,\"show_link\":true,\"show_meta\":true,\"show_title\":false,\"slidenav\":\"default\",\"slidenav_breakpoint\":\"s\",\"slidenav_margin\":\"medium\",\"slidenav_outside_breakpoint\":\"xl\",\"slider_autoplay_pause\":true,\"slider_gap\":\"default\",\"slider_width\":\"fixed\",\"slider_width_default\":\"1-1\",\"slider_width_medium\":\"1-3\",\"text_align\":\"center\",\"title_element\":\"h3\",\"title_hover_style\":\"reset\"},\"children\":[{\"type\":\"overlay-slider_item\",\"props\":{\"image\":\"wp-content\/uploads\/2026\/05\/964441d6-6df2-4f7d-952a-a931339d97b0.jpeg\",\"title\":\"964441d6-6df2-4f7d-952a-a931339d97b0\"}},{\"type\":\"overlay-slider_item\",\"props\":{\"image\":\"wp-content\/uploads\/2026\/05\/1c931ab6-f9a0-47a9-b3ec-ecb47322b904.jpeg\",\"title\":\"1c931ab6-f9a0-47a9-b3ec-ecb47322b904\"}},{\"type\":\"overlay-slider_item\",\"props\":{\"image\":\"wp-content\/uploads\/2026\/05\/4bd0de99-d837-40a2-9f3c-924e278065d0-1.jpeg\",\"title\":\"4bd0de99-d837-40a2-9f3c-924e278065d0 (1)\"}},{\"type\":\"overlay-slider_item\",\"props\":{\"image\":\"wp-content\/uploads\/2026\/05\/ae3b2227-8f99-4743-bb34-f373cf3266fc-1.jpeg\",\"title\":\"ae3b2227-8f99-4743-bb34-f373cf3266fc (1)\"}},{\"type\":\"overlay-slider_item\",\"props\":{\"image\":\"wp-content\/uploads\/2026\/05\/ecf8b8cf-5ee3-4e6f-82f6-aadf9cf263bc-1.jpeg\",\"title\":\"ecf8b8cf-5ee3-4e6f-82f6-aadf9cf263bc (1)\"}},{\"type\":\"overlay-slider_item\",\"props\":{\"image\":\"wp-content\/uploads\/2026\/05\/00c13ef2-3db6-4915-bf8b-03369a765146.jpeg\",\"title\":\"00c13ef2-3db6-4915-bf8b-03369a765146\"}},{\"type\":\"overlay-slider_item\",\"props\":{\"image\":\"wp-content\/uploads\/2026\/05\/4bd0de99-d837-40a2-9f3c-924e278065d0.jpeg\",\"title\":\"4bd0de99-d837-40a2-9f3c-924e278065d0\"}},{\"type\":\"overlay-slider_item\",\"props\":{\"image\":\"wp-content\/uploads\/2026\/05\/ae3b2227-8f99-4743-bb34-f373cf3266fc.jpeg\",\"title\":\"ae3b2227-8f99-4743-bb34-f373cf3266fc\"}},{\"type\":\"overlay-slider_item\",\"props\":{\"image\":\"wp-content\/uploads\/2026\/05\/ecf8b8cf-5ee3-4e6f-82f6-aadf9cf263bc.jpeg\",\"title\":\"ecf8b8cf-5ee3-4e6f-82f6-aadf9cf263bc\"}},{\"type\":\"overlay-slider_item\",\"props\":{\"image\":\"wp-content\/uploads\/2026\/05\/f01225dc-bc8c-48a3-988c-94d7c4fb0478.jpeg\",\"title\":\"f01225dc-bc8c-48a3-988c-94d7c4fb0478\"}}]}]}]}]}],\"version\":\"5.0.32\"} --><\/p>\n","protected":false},"excerpt":{"rendered":"<p>Tagpap der holder. Lavet af en lokal h\u00e5ndv\u00e6rker du kan stole p\u00e5. Apitz ApS l\u00e6gger nyt tagpap, renoverer slidte tage og laver indd\u00e6kninger i Slangerup, Frederikssund og hele Nordsj\u00e6lland. Ring for et uforpligtende tilbud \u2014 besigtigelsen er gratis. Lokal forankret i Slangerup \u2014 Vi bor og arbejder i omr\u00e5det, s\u00e5 vi er sj\u00e6ldent langt v\u00e6k [&hellip;]<\/p>\n","protected":false},"author":1,"featured_media":0,"parent":0,"menu_order":3,"comment_status":"closed","ping_status":"closed","template":"","meta":{"_acf_changed":false,"footnotes":""},"class_list":["post-4","page","type-page","status-publish","hentry"],"acf":[],"_links":{"self":[{"href":"https:\/\/tag.mke.dk\/index.php?rest_route=\/wp\/v2\/pages\/4","targetHints":{"allow":["GET"]}}],"collection":[{"href":"https:\/\/tag.mke.dk\/index.php?rest_route=\/wp\/v2\/pages"}],"about":[{"href":"https:\/\/tag.mke.dk\/index.php?rest_route=\/wp\/v2\/types\/page"}],"author":[{"embeddable":true,"href":"https:\/\/tag.mke.dk\/index.php?rest_route=\/wp\/v2\/users\/1"}],"replies":[{"embeddable":true,"href":"https:\/\/tag.mke.dk\/index.php?rest_route=%2Fwp%2Fv2%2Fcomments&post=4"}],"version-history":[{"count":12,"href":"https:\/\/tag.mke.dk\/index.php?rest_route=\/wp\/v2\/pages\/4\/revisions"}],"predecessor-version":[{"id":2111,"href":"https:\/\/tag.mke.dk\/index.php?rest_route=\/wp\/v2\/pages\/4\/revisions\/2111"}],"wp:attachment":[{"href":"https:\/\/tag.mke.dk\/index.php?rest_route=%2Fwp%2Fv2%2Fmedia&parent=4"}],"curies":[{"name":"wp","href":"https:\/\/api.w.org\/{rel}","templated":true}]}}